{"id":2342,"date":"2026-03-19T16:02:42","date_gmt":"2026-03-19T14:02:42","guid":{"rendered":"https:\/\/chrispybeach.gr\/bedingungen-konditionen\/"},"modified":"2026-04-08T12:59:25","modified_gmt":"2026-04-08T09:59:25","slug":"bedingungen-konditionen","status":"publish","type":"page","link":"https:\/\/chrispybeach.gr\/de\/bedingungen-konditionen\/","title":{"rendered":"Bedingungen &amp; Konditionen"},"content":{"rendered":"\t\t<div data-elementor-type=\"wp-page\" data-elementor-id=\"2342\" class=\"elementor elementor-2342 elementor-553\" data-elementor-post-type=\"page\">\n\t\t\t\t<div class=\"elementor-element elementor-element-2e72c18 e-con-full e-flex e-con e-parent\" data-id=\"2e72c18\" data-element_type=\"container\" data-e-type=\"container\">\n\t\t\t\t<\/div>\n\t\t<div class=\"elementor-element elementor-element-3806304 e-flex e-con-boxed e-con e-child\" data-id=\"3806304\" data-element_type=\"container\" data-e-type=\"container\" data-settings=\"{&quot;background_background&quot;:&quot;classic&quot;}\">\n\t\t\t\t\t<div class=\"e-con-inner\">\n\t\t\t\t<div class=\"elementor-element elementor-element-060dbda elementor-widget elementor-widget-heading\" data-id=\"060dbda\" data-element_type=\"widget\" data-e-type=\"widget\" data-widget_type=\"heading.default\">\n\t\t\t\t\t<h2 class=\"elementor-heading-title elementor-size-default\">Zuletzt aktualisiert: Mai 08, 2025<\/h2>\t\t\t\t<\/div>\n\t\t\t\t<div class=\"elementor-element elementor-element-5a06391 elementor-widget elementor-widget-heading\" data-id=\"5a06391\" data-element_type=\"widget\" data-e-type=\"widget\" data-widget_type=\"heading.default\">\n\t\t\t\t\t<h1 class=\"elementor-heading-title elementor-size-default\">Bedingungen und Konditionen<\/h1>\t\t\t\t<\/div>\n\t\t\t\t<div class=\"elementor-element elementor-element-a22ec12 elementor-widget elementor-widget-text-editor\" data-id=\"a22ec12\" data-element_type=\"widget\" data-e-type=\"widget\" data-widget_type=\"text-editor.default\">\n\t\t\t\t\t\t\t\t\t<p>Bitte lesen Sie diese Bedingungen und Konditionen sorgf\u00e4ltig durch, bevor Sie unseren Service nutzen.<\/p><h2>Auslegung und Definitionen<\/h2><h3>Interpretation<\/h3><p>Die W\u00f6rter, deren Anfangsbuchstaben gro\u00df geschrieben sind, haben die unter den folgenden Bedingungen definierten Bedeutungen. Die folgenden Definitionen haben dieselbe Bedeutung, unabh\u00e4ngig davon, ob sie im Singular oder im Plural stehen. <\/p><h3>Definitionen<\/h3><p>F\u00fcr die Zwecke dieser Bedingungen und Konditionen:<\/p><ul><li><strong>Verbundenes Unternehmen<\/strong> bedeutet ein Unternehmen, das eine Partei kontrolliert, von ihr kontrolliert wird oder unter gemeinsamer Kontrolle mit ihr steht, wobei &#8222;Kontrolle&#8220; den Besitz von 50 % oder mehr der Aktien, Anteile oder anderer Wertpapiere bedeutet, die zur Wahl von Direktoren oder anderen F\u00fchrungsgremien berechtigt sind.<\/li><li><strong>Land<\/strong> bezieht sich auf: Griechenland<\/li><li><strong>Das Unternehmen<\/strong> (in diesem Vertrag entweder als &#8222;das Unternehmen&#8220;, &#8222;wir&#8220;, &#8222;uns&#8220; oder &#8222;unser&#8220; bezeichnet) bezieht sich auf Chrispy Waterpark Resort, Rapaniana, Kolymbari, PO Code 73006, Chania, Kreta, Griechenland.<\/li><li><strong>Ger\u00e4t<\/strong> bedeutet jedes Ger\u00e4t, das auf den Service zugreifen kann, wie z.B. ein Computer, ein Mobiltelefon oder ein digitales Tablet.<\/li><li><strong>Service<\/strong> bezieht sich auf die Website.<\/li><li><strong>Allgemeine Gesch\u00e4ftsbedingungen<\/strong> (auch &#8222;Bedingungen&#8220; genannt) bezeichnen diese Bedingungen, die die gesamte Vereinbarung zwischen Ihnen und dem Unternehmen \u00fcber die Nutzung des Dienstes bilden. Diese AGB-Vereinbarung wurde mit Hilfe des <a href=\"https:\/\/www.freeprivacypolicy.com\/free-terms-and-conditions-generator\/\" target=\"_blank\" rel=\"noopener\">Free Terms and Conditions Generator<\/a> erstellt. <\/li><li><strong>Social-Media-Dienst eines Dritten<\/strong> bezeichnet alle Dienste oder Inhalte (einschlie\u00dflich Daten, Informationen, Produkte oder Dienstleistungen), die von einem Dritten bereitgestellt werden und die durch den Dienst angezeigt, einbezogen oder verf\u00fcgbar gemacht werden k\u00f6nnen.<\/li><li><strong>Die Website<\/strong> verweist auf das Chrispy Waterpark Resort, erreichbar \u00fcber <a href=\"https:\/\/chrispy.gr\/\" target=\"_blank\" rel=\"external nofollow noopener\">https:\/\/chrispy.gr<\/a><\/li><li><strong>Sie<\/strong> sind die Person, die auf den Dienst zugreift oder ihn nutzt, oder das Unternehmen oder eine andere juristische Person, in deren Namen eine solche Person auf den Dienst zugreift oder ihn nutzt, je nachdem.<\/li><\/ul><h2>Danksagung<\/h2><p>Dies sind die Allgemeinen Gesch\u00e4ftsbedingungen, die die Nutzung dieses Dienstes regeln, und die Vereinbarung, die zwischen Ihnen und dem Unternehmen besteht. Diese Allgemeinen Gesch\u00e4ftsbedingungen legen die Rechte und Pflichten aller Nutzer in Bezug auf die Nutzung des Dienstes fest. <\/p><p>Ihr Zugang zu und Ihre Nutzung des Dienstes setzt voraus, dass Sie diese Allgemeinen Gesch\u00e4ftsbedingungen akzeptieren und einhalten. Diese Allgemeinen Gesch\u00e4ftsbedingungen gelten f\u00fcr alle Besucher, Nutzer und andere, die auf den Service zugreifen oder ihn nutzen. <\/p><p>Indem Sie auf den Service zugreifen oder ihn nutzen, erkl\u00e4ren Sie sich mit diesen Allgemeinen Gesch\u00e4ftsbedingungen einverstanden. Wenn Sie mit einem Teil dieser Bedingungen nicht einverstanden sind, d\u00fcrfen Sie den Service nicht nutzen. <\/p><p>Sie versichern, dass Sie \u00fcber 18 Jahre alt sind. Das Unternehmen erlaubt es Personen unter 18 Jahren nicht, den Service zu nutzen. <\/p><p>Ihr Zugang zu und Ihre Nutzung des Dienstes setzt au\u00dferdem voraus, dass Sie die Datenschutzrichtlinie des Unternehmens akzeptieren und einhalten. Unsere Datenschutzrichtlinie beschreibt unsere Richtlinien und Verfahren zur Erfassung, Verwendung und Weitergabe Ihrer pers\u00f6nlichen Daten, wenn Sie die Anwendung oder die Website nutzen, und informiert Sie \u00fcber Ihre Datenschutzrechte und wie das Gesetz Sie sch\u00fctzt. Bitte lesen Sie unsere Datenschutzrichtlinien sorgf\u00e4ltig durch, bevor Sie unseren Service nutzen.  <\/p><h2>Links zu anderen Websites<\/h2><p>Unser Service kann Links zu Websites oder Diensten Dritter enthalten, die sich nicht im Besitz oder unter der Kontrolle des Unternehmens befinden.<\/p><p>Das Unternehmen hat keine Kontrolle \u00fcber die Inhalte, Datenschutzrichtlinien oder Praktiken von Websites oder Diensten Dritter und \u00fcbernimmt keine Verantwortung f\u00fcr diese. Sie erkennen ferner an und erkl\u00e4ren sich damit einverstanden, dass das Unternehmen weder direkt noch indirekt f\u00fcr Sch\u00e4den oder Verluste verantwortlich oder haftbar ist, die durch oder in Verbindung mit der Nutzung von oder dem Vertrauen auf solche Inhalte, Waren oder Dienstleistungen, die auf oder \u00fcber solche Websites oder Dienstleistungen verf\u00fcgbar sind, verursacht wurden oder angeblich verursacht wurden. <\/p><p>Wir raten Ihnen dringend, die Gesch\u00e4ftsbedingungen und Datenschutzrichtlinien aller Websites oder Dienste Dritter, die Sie besuchen, zu lesen.<\/p><h2>Terminierung<\/h2><p>Wir k\u00f6nnen Ihren Zugang sofort und ohne Vorank\u00fcndigung oder Haftung beenden oder aussetzen, aus welchem Grund auch immer, insbesondere, wenn Sie gegen diese Allgemeinen Gesch\u00e4ftsbedingungen versto\u00dfen.<\/p><p>Mit der K\u00fcndigung erlischt Ihr Recht, den Service zu nutzen, sofort.<\/p><h2>Einschr\u00e4nkung der Haftung<\/h2><p>Ungeachtet etwaiger Sch\u00e4den, die Ihnen entstehen k\u00f6nnten, ist die gesamte Haftung des Unternehmens und seiner Lieferanten gem\u00e4\u00df den Bestimmungen dieser Bedingungen und Ihr ausschlie\u00dflicher Rechtsbehelf f\u00fcr alle vorstehenden Punkte auf den Betrag beschr\u00e4nkt, den Sie tats\u00e4chlich \u00fcber den Service bezahlt haben, oder auf 100 USD, wenn Sie nichts \u00fcber den Service gekauft haben.<\/p><p>Soweit gesetzlich zul\u00e4ssig, haften das Unternehmen oder seine Lieferanten in keinem Fall f\u00fcr besondere, zuf\u00e4llige, indirekte oder Folgesch\u00e4den (einschlie\u00dflich, aber nicht beschr\u00e4nkt auf Sch\u00e4den durch entgangenen Gewinn, Verlust von Daten oder anderen Informationen, Gesch\u00e4ftsunterbrechung, Personensch\u00e4den, Verlust der Privatsph\u00e4re, die sich aus der Nutzung oder der Unm\u00f6glichkeit der Nutzung des Dienstes, der mit dem Dienst genutzten Software und\/oder Hardware Dritter oder anderweitig in Verbindung mit einer Bestimmung dieser Bedingungen ergeben oder in irgendeiner Weise damit zusammenh\u00e4ngen), selbst wenn das Unternehmen oder ein Lieferant auf die M\u00f6glichkeit solcher Sch\u00e4den hingewiesen wurde und selbst wenn die Abhilfe ihren wesentlichen Zweck verfehlt.<\/p><p>In einigen Staaten ist der Ausschluss stillschweigender Garantien oder die Beschr\u00e4nkung der Haftung f\u00fcr beil\u00e4ufig entstandene Sch\u00e4den oder Folgesch\u00e4den nicht zul\u00e4ssig, was bedeutet, dass einige der oben genannten Beschr\u00e4nkungen m\u00f6glicherweise nicht gelten. In diesen Staaten ist die Haftung jeder Partei auf den gr\u00f6\u00dftm\u00f6glichen gesetzlich zul\u00e4ssigen Umfang beschr\u00e4nkt. <\/p><h2>&#8222;AS IS&#8220; und &#8222;AS AVAILABLE&#8220; Haftungsausschluss<\/h2><p>Der Dienst wird Ihnen &#8222;WIE BESEHEN&#8220; und &#8222;WIE VERF\u00dcGBAR&#8220; und mit allen Fehlern und M\u00e4ngeln ohne jegliche Garantie zur Verf\u00fcgung gestellt. Im gr\u00f6\u00dftm\u00f6glichen nach geltendem Recht zul\u00e4ssigen Umfang lehnt das Unternehmen in seinem eigenen Namen und im Namen seiner verbundenen Unternehmen und seiner und deren jeweiligen Lizenzgebern und Dienstleistern ausdr\u00fccklich alle ausdr\u00fccklichen, stillschweigenden, gesetzlichen oder sonstigen Gew\u00e4hrleistungen in Bezug auf den Dienst ab, einschlie\u00dflich aller stillschweigenden Gew\u00e4hrleistungen der Marktg\u00e4ngigkeit, der Eignung f\u00fcr einen bestimmten Zweck, des Eigentumsrechts und der Nichtverletzung von Rechten Dritter sowie Gew\u00e4hrleistungen, die sich aus dem Gesch\u00e4ftsverlauf, der Leistung, der Nutzung oder der Handelspraxis ergeben k\u00f6nnen. Ohne Einschr\u00e4nkung des Vorstehenden \u00fcbernimmt das Unternehmen keine Garantie oder Verpflichtung und gibt keinerlei Zusicherungen ab, dass der Dienst Ihren Anforderungen entspricht, die beabsichtigten Ergebnisse erzielt, mit anderer Software, Anwendungen, Systemen oder Diensten kompatibel ist oder zusammenarbeitet, ohne Unterbrechung funktioniert, Leistungs- oder Zuverl\u00e4ssigkeitsstandards erf\u00fcllt oder fehlerfrei ist oder dass Fehler oder M\u00e4ngel behoben werden k\u00f6nnen oder werden.  <\/p><p>Ohne das Vorstehende einzuschr\u00e4nken, geben weder das Unternehmen noch einer der Anbieter des Unternehmens irgendeine ausdr\u00fcckliche oder stillschweigende Zusicherung oder Garantie: (i) in Bezug auf den Betrieb oder die Verf\u00fcgbarkeit des Dienstes oder der darin enthaltenen Informationen, Inhalte und Materialien oder Produkte; (ii) dass der Dienst ununterbrochen oder fehlerfrei funktioniert; (iii) in Bezug auf die Genauigkeit, Zuverl\u00e4ssigkeit oder Aktualit\u00e4t von Informationen oder Inhalten, die \u00fcber den Dienst bereitgestellt werden; oder (iv) dass der Dienst, seine Server, die Inhalte oder E-Mails, die von oder im Namen des Unternehmens gesendet werden, frei von Viren, Skripten, Trojanern, W\u00fcrmern, Malware, Zeitbomben oder anderen sch\u00e4dlichen Komponenten sind.    <\/p><p>In einigen Rechtsordnungen ist der Ausschluss bestimmter Arten von Garantien oder die Einschr\u00e4nkung geltender gesetzlicher Rechte eines Verbrauchers nicht zul\u00e4ssig, so dass einige oder alle der oben genannten Ausschl\u00fcsse und Einschr\u00e4nkungen m\u00f6glicherweise nicht auf Sie zutreffen. In einem solchen Fall werden die in diesem Abschnitt dargelegten Ausschl\u00fcsse und Beschr\u00e4nkungen jedoch im gr\u00f6\u00dftm\u00f6glichen Umfang angewandt, der nach geltendem Recht durchsetzbar ist. <\/p><h2>Geltendes Recht<\/h2><p>F\u00fcr diese Bedingungen und Ihre Nutzung des Dienstes gelten die Gesetze des Landes unter Ausschluss der Kollisionsnormen. Ihre Nutzung der Anwendung kann auch anderen lokalen, staatlichen, nationalen oder internationalen Gesetzen unterliegen. <\/p><h2>Streitschlichtung<\/h2><p>Sollten Sie Bedenken oder Streitigkeiten in Bezug auf den Service haben, erkl\u00e4ren Sie sich damit einverstanden, zun\u00e4chst zu versuchen, die Streitigkeit informell zu l\u00f6sen, indem Sie das Unternehmen kontaktieren.<\/p><h2>F\u00fcr Benutzer der Europ\u00e4ischen Union (EU)<\/h2><p>Wenn Sie ein Verbraucher aus der Europ\u00e4ischen Union sind, gelten f\u00fcr Sie die zwingenden Bestimmungen des Rechts des Landes, in dem Sie Ihren Wohnsitz haben.<\/p><h2>Einhaltung der Gesetze der Vereinigten Staaten<\/h2><p>Sie versichern und garantieren, dass (i) Sie sich nicht in einem Land befinden, das einem Embargo der US-Regierung unterliegt oder das von der US-Regierung als ein Land bezeichnet wird, das &#8222;Terroristen unterst\u00fctzt&#8220;, und (ii) Sie nicht auf einer Liste der US-Regierung mit verbotenen oder eingeschr\u00e4nkten Parteien stehen.  <\/p><h2>Trennbarkeit und Verzicht<\/h2><h3>Trennbarkeit<\/h3><p>Sollte eine Bestimmung dieser Bedingungen f\u00fcr nicht durchsetzbar oder ung\u00fcltig befunden werden, wird diese Bestimmung so ge\u00e4ndert und ausgelegt, dass die Ziele dieser Bestimmung so weit wie nach geltendem Recht m\u00f6glich erreicht werden, und die \u00fcbrigen Bestimmungen bleiben in vollem Umfang in Kraft und wirksam.<\/p><h3>Verzicht<\/h3><p>Sofern hierin nichts anderes bestimmt ist, hat das Vers\u00e4umnis, ein Recht auszu\u00fcben oder die Erf\u00fcllung einer Verpflichtung gem\u00e4\u00df diesen Bedingungen zu verlangen, keine Auswirkungen auf die F\u00e4higkeit einer Partei, dieses Recht zu einem sp\u00e4teren Zeitpunkt auszu\u00fcben oder diese Erf\u00fcllung zu verlangen, noch stellt der Verzicht auf eine Verletzung einen Verzicht auf eine sp\u00e4tere Verletzung dar.<\/p><h2>\u00dcbersetzung Dolmetschen<\/h2><p>Diese Allgemeinen Gesch\u00e4ftsbedingungen k\u00f6nnen \u00fcbersetzt worden sein, wenn wir sie Ihnen in unserem Service zur Verf\u00fcgung gestellt haben.<br>Sie erkl\u00e4ren sich damit einverstanden, dass im Falle eines Rechtsstreits der englische Originaltext ma\u00dfgeblich ist.<\/p><h2>\u00c4nderungen an diesen Bedingungen und Konditionen<\/h2><p>Wir behalten uns das Recht vor, diese Bedingungen nach unserem alleinigen Ermessen jederzeit zu \u00e4ndern oder zu ersetzen. Wenn eine \u00c4nderung wesentlich ist, werden wir uns in angemessener Weise bem\u00fchen, Sie mindestens 30 Tage vor Inkrafttreten der neuen Bedingungen zu informieren. Was eine wesentliche \u00c4nderung ist, wird nach unserem alleinigen Ermessen festgelegt.  <\/p><p>Indem Sie nach Inkrafttreten dieser \u00c4nderungen weiterhin auf unseren Service zugreifen oder ihn nutzen, erkl\u00e4ren Sie sich mit den \u00fcberarbeiteten Bedingungen einverstanden. Wenn Sie mit den neuen Bedingungen ganz oder teilweise nicht einverstanden sind, beenden Sie bitte die Nutzung der Website und des Service. <\/p><h2>Kontaktieren Sie uns<\/h2><p>Wenn Sie Fragen zu diesen Allgemeinen Gesch\u00e4ftsbedingungen haben, k\u00f6nnen Sie uns kontaktieren:<\/p><ul><li>E-Mail: <a href=\"mailto:info.beach@chrispy.gr\">info.beach@chrispy.gr<\/a><\/li><\/ul>\t\t\t\t\t\t\t\t<\/div>\n\t\t\t\t\t<\/div>\n\t\t\t\t<\/div>\n\t\t\t\t<\/div>\n\t\t","protected":false},"excerpt":{"rendered":"<p>Zuletzt aktualisiert: Mai 08, 2025 Bedingungen und Konditionen Bitte lesen Sie diese Bedingungen und Konditionen sorgf\u00e4ltig durch, bevor Sie unseren Service nutzen. Auslegung und Definitionen Interpretation Die W\u00f6rter, deren Anfangsbuchstaben gro\u00df geschrieben sind, haben die unter den folgenden Bedingungen definierten Bedeutungen. Die folgenden Definitionen haben dieselbe Bedeutung, unabh\u00e4ngig davon, ob sie im Singular oder im [&hellip;]<\/p>\n","protected":false},"author":4,"featured_media":1860,"parent":0,"menu_order":0,"comment_status":"closed","ping_status":"closed","template":"","meta":{"_acf_changed":false,"footnotes":""},"class_list":["post-2342","page","type-page","status-publish","has-post-thumbnail","hentry"],"acf":[],"yoast_head":"<!-- This site is optimized with the Yoast SEO plugin v27.2 - https:\/\/yoast.com\/product\/yoast-seo-wordpress\/ -->\n<title>Bedingungen &amp; Konditionen &#8226; Chrispy Beach Resort<\/title>\n<meta name=\"description\" content=\"Informieren Sie sich \u00fcber die Bedingungen f\u00fcr Ihren Aufenthalt im Chrispy Beach Resort. Lesen Sie wichtige Informationen zu Buchungen, Stornierungsbedingungen usw.\" \/>\n<meta name=\"robots\" content=\"index, follow, max-snippet:-1, max-image-preview:large, max-video-preview:-1\" \/>\n<link rel=\"canonical\" href=\"https:\/\/chrispybeach.gr\/de\/bedingungen-konditionen\/\" \/>\n<meta property=\"og:locale\" content=\"de_DE\" \/>\n<meta property=\"og:type\" content=\"article\" \/>\n<meta property=\"og:title\" content=\"Bedingungen &amp; Konditionen &#8226; Chrispy Beach Resort\" \/>\n<meta property=\"og:description\" content=\"Informieren Sie sich \u00fcber die Bedingungen f\u00fcr Ihren Aufenthalt im Chrispy Beach Resort. Lesen Sie wichtige Informationen zu Buchungen, Stornierungsbedingungen usw.\" \/>\n<meta property=\"og:url\" content=\"https:\/\/chrispybeach.gr\/de\/bedingungen-konditionen\/\" \/>\n<meta property=\"og:site_name\" content=\"Chrispy Beach Resort\" \/>\n<meta property=\"article:publisher\" content=\"https:\/\/www.facebook.com\/chrispybeach\" \/>\n<meta property=\"article:modified_time\" content=\"2026-04-08T09:59:25+00:00\" \/>\n<meta property=\"og:image\" content=\"https:\/\/chrispybeach.gr\/wp-content\/uploads\/2026\/03\/Family-Apartment-50.webp\" \/>\n\t<meta property=\"og:image:width\" content=\"1920\" \/>\n\t<meta property=\"og:image:height\" content=\"1281\" \/>\n\t<meta property=\"og:image:type\" content=\"image\/webp\" \/>\n<meta name=\"twitter:card\" content=\"summary_large_image\" \/>\n<meta name=\"twitter:label1\" content=\"Gesch\u00e4tzte Lesezeit\" \/>\n\t<meta name=\"twitter:data1\" content=\"8\u00a0Minuten\" \/>\n<script type=\"application\/ld+json\" class=\"yoast-schema-graph\">{\"@context\":\"https:\/\/schema.org\",\"@graph\":[{\"@type\":\"WebPage\",\"@id\":\"https:\/\/chrispybeach.gr\/de\/bedingungen-konditionen\/\",\"url\":\"https:\/\/chrispybeach.gr\/de\/bedingungen-konditionen\/\",\"name\":\"Bedingungen &amp; Konditionen &#8226; Chrispy Beach Resort\",\"isPartOf\":{\"@id\":\"https:\/\/chrispybeach.gr\/de\/#website\"},\"primaryImageOfPage\":{\"@id\":\"https:\/\/chrispybeach.gr\/de\/bedingungen-konditionen\/#primaryimage\"},\"image\":{\"@id\":\"https:\/\/chrispybeach.gr\/de\/bedingungen-konditionen\/#primaryimage\"},\"thumbnailUrl\":\"https:\/\/chrispybeach.gr\/wp-content\/uploads\/2026\/03\/Family-Apartment-50.webp\",\"datePublished\":\"2026-03-19T14:02:42+00:00\",\"dateModified\":\"2026-04-08T09:59:25+00:00\",\"description\":\"Informieren Sie sich \u00fcber die Bedingungen f\u00fcr Ihren Aufenthalt im Chrispy Beach Resort. Lesen Sie wichtige Informationen zu Buchungen, Stornierungsbedingungen usw.\",\"breadcrumb\":{\"@id\":\"https:\/\/chrispybeach.gr\/de\/bedingungen-konditionen\/#breadcrumb\"},\"inLanguage\":\"de\",\"potentialAction\":[{\"@type\":\"ReadAction\",\"target\":[\"https:\/\/chrispybeach.gr\/de\/bedingungen-konditionen\/\"]}]},{\"@type\":\"ImageObject\",\"inLanguage\":\"de\",\"@id\":\"https:\/\/chrispybeach.gr\/de\/bedingungen-konditionen\/#primaryimage\",\"url\":\"https:\/\/chrispybeach.gr\/wp-content\/uploads\/2026\/03\/Family-Apartment-50.webp\",\"contentUrl\":\"https:\/\/chrispybeach.gr\/wp-content\/uploads\/2026\/03\/Family-Apartment-50.webp\",\"width\":1920,\"height\":1281,\"caption\":\"Bedingungen &amp; Konditionen im Chrispy Beach Resort\"},{\"@type\":\"BreadcrumbList\",\"@id\":\"https:\/\/chrispybeach.gr\/de\/bedingungen-konditionen\/#breadcrumb\",\"itemListElement\":[{\"@type\":\"ListItem\",\"position\":1,\"name\":\"Home\",\"item\":\"https:\/\/chrispybeach.gr\/de\/startseite\/\"},{\"@type\":\"ListItem\",\"position\":2,\"name\":\"Bedingungen &amp; Konditionen\"}]},{\"@type\":\"WebSite\",\"@id\":\"https:\/\/chrispybeach.gr\/de\/#website\",\"url\":\"https:\/\/chrispybeach.gr\/de\/\",\"name\":\"Chrispy Beach Resort\",\"description\":\"Beachfront Hotel in Agia Marina, Chania\",\"publisher\":{\"@id\":\"https:\/\/chrispybeach.gr\/de\/#organization\"},\"potentialAction\":[{\"@type\":\"SearchAction\",\"target\":{\"@type\":\"EntryPoint\",\"urlTemplate\":\"https:\/\/chrispybeach.gr\/de\/?s={search_term_string}\"},\"query-input\":{\"@type\":\"PropertyValueSpecification\",\"valueRequired\":true,\"valueName\":\"search_term_string\"}}],\"inLanguage\":\"de\"},{\"@type\":\"Organization\",\"@id\":\"https:\/\/chrispybeach.gr\/de\/#organization\",\"name\":\"Chrispy Beach Resort\",\"url\":\"https:\/\/chrispybeach.gr\/de\/\",\"logo\":{\"@type\":\"ImageObject\",\"inLanguage\":\"de\",\"@id\":\"https:\/\/chrispybeach.gr\/de\/#\/schema\/logo\/image\/\",\"url\":\"https:\/\/chrispybeach.gr\/wp-content\/uploads\/2026\/03\/chrispy-beach-logo-2.png\",\"contentUrl\":\"https:\/\/chrispybeach.gr\/wp-content\/uploads\/2026\/03\/chrispy-beach-logo-2.png\",\"width\":1662,\"height\":1779,\"caption\":\"Chrispy Beach Resort\"},\"image\":{\"@id\":\"https:\/\/chrispybeach.gr\/de\/#\/schema\/logo\/image\/\"},\"sameAs\":[\"https:\/\/www.facebook.com\/chrispybeach\",\"https:\/\/www.instagram.com\/chrispybeach\/\",\"https:\/\/www.tiktok.com\/@chrispybeach\"]}]}<\/script>\n<!-- \/ Yoast SEO plugin. -->","yoast_head_json":{"title":"Bedingungen &amp; Konditionen &#8226; Chrispy Beach Resort","description":"Informieren Sie sich \u00fcber die Bedingungen f\u00fcr Ihren Aufenthalt im Chrispy Beach Resort. Lesen Sie wichtige Informationen zu Buchungen, Stornierungsbedingungen usw.","robots":{"index":"index","follow":"follow","max-snippet":"max-snippet:-1","max-image-preview":"max-image-preview:large","max-video-preview":"max-video-preview:-1"},"canonical":"https:\/\/chrispybeach.gr\/de\/bedingungen-konditionen\/","og_locale":"de_DE","og_type":"article","og_title":"Bedingungen &amp; Konditionen &#8226; Chrispy Beach Resort","og_description":"Informieren Sie sich \u00fcber die Bedingungen f\u00fcr Ihren Aufenthalt im Chrispy Beach Resort. Lesen Sie wichtige Informationen zu Buchungen, Stornierungsbedingungen usw.","og_url":"https:\/\/chrispybeach.gr\/de\/bedingungen-konditionen\/","og_site_name":"Chrispy Beach Resort","article_publisher":"https:\/\/www.facebook.com\/chrispybeach","article_modified_time":"2026-04-08T09:59:25+00:00","og_image":[{"width":1920,"height":1281,"url":"https:\/\/chrispybeach.gr\/wp-content\/uploads\/2026\/03\/Family-Apartment-50.webp","type":"image\/webp"}],"twitter_card":"summary_large_image","twitter_misc":{"Gesch\u00e4tzte Lesezeit":"8\u00a0Minuten"},"schema":{"@context":"https:\/\/schema.org","@graph":[{"@type":"WebPage","@id":"https:\/\/chrispybeach.gr\/de\/bedingungen-konditionen\/","url":"https:\/\/chrispybeach.gr\/de\/bedingungen-konditionen\/","name":"Bedingungen &amp; Konditionen &#8226; Chrispy Beach Resort","isPartOf":{"@id":"https:\/\/chrispybeach.gr\/de\/#website"},"primaryImageOfPage":{"@id":"https:\/\/chrispybeach.gr\/de\/bedingungen-konditionen\/#primaryimage"},"image":{"@id":"https:\/\/chrispybeach.gr\/de\/bedingungen-konditionen\/#primaryimage"},"thumbnailUrl":"https:\/\/chrispybeach.gr\/wp-content\/uploads\/2026\/03\/Family-Apartment-50.webp","datePublished":"2026-03-19T14:02:42+00:00","dateModified":"2026-04-08T09:59:25+00:00","description":"Informieren Sie sich \u00fcber die Bedingungen f\u00fcr Ihren Aufenthalt im Chrispy Beach Resort. Lesen Sie wichtige Informationen zu Buchungen, Stornierungsbedingungen usw.","breadcrumb":{"@id":"https:\/\/chrispybeach.gr\/de\/bedingungen-konditionen\/#breadcrumb"},"inLanguage":"de","potentialAction":[{"@type":"ReadAction","target":["https:\/\/chrispybeach.gr\/de\/bedingungen-konditionen\/"]}]},{"@type":"ImageObject","inLanguage":"de","@id":"https:\/\/chrispybeach.gr\/de\/bedingungen-konditionen\/#primaryimage","url":"https:\/\/chrispybeach.gr\/wp-content\/uploads\/2026\/03\/Family-Apartment-50.webp","contentUrl":"https:\/\/chrispybeach.gr\/wp-content\/uploads\/2026\/03\/Family-Apartment-50.webp","width":1920,"height":1281,"caption":"Bedingungen &amp; Konditionen im Chrispy Beach Resort"},{"@type":"BreadcrumbList","@id":"https:\/\/chrispybeach.gr\/de\/bedingungen-konditionen\/#breadcrumb","itemListElement":[{"@type":"ListItem","position":1,"name":"Home","item":"https:\/\/chrispybeach.gr\/de\/startseite\/"},{"@type":"ListItem","position":2,"name":"Bedingungen &amp; Konditionen"}]},{"@type":"WebSite","@id":"https:\/\/chrispybeach.gr\/de\/#website","url":"https:\/\/chrispybeach.gr\/de\/","name":"Chrispy Beach Resort","description":"Beachfront Hotel in Agia Marina, Chania","publisher":{"@id":"https:\/\/chrispybeach.gr\/de\/#organization"},"potentialAction":[{"@type":"SearchAction","target":{"@type":"EntryPoint","urlTemplate":"https:\/\/chrispybeach.gr\/de\/?s={search_term_string}"},"query-input":{"@type":"PropertyValueSpecification","valueRequired":true,"valueName":"search_term_string"}}],"inLanguage":"de"},{"@type":"Organization","@id":"https:\/\/chrispybeach.gr\/de\/#organization","name":"Chrispy Beach Resort","url":"https:\/\/chrispybeach.gr\/de\/","logo":{"@type":"ImageObject","inLanguage":"de","@id":"https:\/\/chrispybeach.gr\/de\/#\/schema\/logo\/image\/","url":"https:\/\/chrispybeach.gr\/wp-content\/uploads\/2026\/03\/chrispy-beach-logo-2.png","contentUrl":"https:\/\/chrispybeach.gr\/wp-content\/uploads\/2026\/03\/chrispy-beach-logo-2.png","width":1662,"height":1779,"caption":"Chrispy Beach Resort"},"image":{"@id":"https:\/\/chrispybeach.gr\/de\/#\/schema\/logo\/image\/"},"sameAs":["https:\/\/www.facebook.com\/chrispybeach","https:\/\/www.instagram.com\/chrispybeach\/","https:\/\/www.tiktok.com\/@chrispybeach"]}]}},"_links":{"self":[{"href":"https:\/\/chrispybeach.gr\/de\/wp-json\/wp\/v2\/pages\/2342","targetHints":{"allow":["GET"]}}],"collection":[{"href":"https:\/\/chrispybeach.gr\/de\/wp-json\/wp\/v2\/pages"}],"about":[{"href":"https:\/\/chrispybeach.gr\/de\/wp-json\/wp\/v2\/types\/page"}],"author":[{"embeddable":true,"href":"https:\/\/chrispybeach.gr\/de\/wp-json\/wp\/v2\/users\/4"}],"replies":[{"embeddable":true,"href":"https:\/\/chrispybeach.gr\/de\/wp-json\/wp\/v2\/comments?post=2342"}],"version-history":[{"count":0,"href":"https:\/\/chrispybeach.gr\/de\/wp-json\/wp\/v2\/pages\/2342\/revisions"}],"wp:featuredmedia":[{"embeddable":true,"href":"https:\/\/chrispybeach.gr\/de\/wp-json\/wp\/v2\/media\/1860"}],"wp:attachment":[{"href":"https:\/\/chrispybeach.gr\/de\/wp-json\/wp\/v2\/media?parent=2342"}],"curies":[{"name":"wp","href":"https:\/\/api.w.org\/{rel}","templated":true}]}}