{"id":1989,"date":"2025-06-19T07:47:50","date_gmt":"2025-06-19T04:47:50","guid":{"rendered":"https:\/\/chrispybeach.gr\/datenschutzbestimmungen\/"},"modified":"2026-04-08T12:53:13","modified_gmt":"2026-04-08T09:53:13","slug":"datenschutzbestimmungen","status":"publish","type":"page","link":"https:\/\/chrispybeach.gr\/de\/datenschutzbestimmungen\/","title":{"rendered":"Datenschutzbestimmungen"},"content":{"rendered":"\t\t<div data-elementor-type=\"wp-page\" data-elementor-id=\"1989\" class=\"elementor elementor-1989 elementor-3\" data-elementor-post-type=\"page\">\n\t\t\t\t<div class=\"elementor-element elementor-element-00fbed6 e-con-full e-flex e-con e-parent\" data-id=\"00fbed6\" data-element_type=\"container\" data-e-type=\"container\">\n\t\t\t\t<div class=\"elementor-element elementor-element-e98eaad elementor-widget elementor-widget-template\" data-id=\"e98eaad\" data-element_type=\"widget\" data-e-type=\"widget\" data-widget_type=\"template.default\">\n\t\t\t\t<div class=\"elementor-widget-container\">\n\t\t\t\t\t\t\t<div class=\"elementor-template\">\n\t\t\t\t\t<div data-elementor-type=\"container\" data-elementor-id=\"2401\" class=\"elementor elementor-2401 elementor-1074 elementor-1074\" data-elementor-post-type=\"elementor_library\">\n\t\t\t\t<div class=\"elementor-element elementor-element-87022b3 e-flex e-con-boxed e-con e-parent\" data-id=\"87022b3\" data-element_type=\"container\" data-e-type=\"container\" data-settings=\"{&quot;background_background&quot;:&quot;classic&quot;}\">\n\t\t\t\t\t<div class=\"e-con-inner\">\n\t\t\t\t<div class=\"elementor-element elementor-element-6f296e29 elementor-widget elementor-widget-html\" data-id=\"6f296e29\" data-element_type=\"widget\" data-e-type=\"widget\" data-widget_type=\"html.default\">\n\t\t\t\t\t<link rel=\"stylesheet\" href=\"https:\/\/cdn.jsdelivr.net\/npm\/flatpickr\/dist\/flatpickr.min.css\">\r\n\r\n<form class=\"av-form\" id=\"booking-form\">\r\n    <div class=\"option1 option-av\">\r\n        <label for=\"checkin-picker\">Einchecken<\/label>\r\n        <div>\r\n            <input type=\"text\" id=\"checkin-picker\" required=\"\" readonly>\r\n        <\/div>\r\n    <\/div>\r\n    \r\n    <div class=\"option2 option-av\">\r\n        <label for=\"checkout-picker\">Auschecken<\/label>\r\n        <div>\r\n            <input type=\"text\" id=\"checkout-picker\" required=\"\" readonly>\r\n        <\/div>\r\n    <\/div>\r\n    \r\n    <div class=\"option3 option-av\">\r\n        <label>G\u00e4ste<\/label>\r\n        <div class=\"guest-counter\">\r\n            <button type=\"button\" class=\"ctrl-btn minus\" aria-label=\"Decrease guests\">-<\/button>\r\n            <span id=\"guest-count-display\">2 G\u00e4ste<\/span>\r\n            <button type=\"button\" class=\"ctrl-btn plus\" aria-label=\"Increase guests\">+<\/button>\r\n        <\/div>\r\n    <\/div>\r\n    \r\n    <div class=\"option4 option-av\">\r\n        <button type=\"submit\" class=\"sirios-btn filled\">Verf\u00fcgbarkeit pr\u00fcfen<\/button>\r\n    <\/div>\r\n<\/form>\r\n\r\n<script src=\"https:\/\/cdn.jsdelivr.net\/npm\/flatpickr\"><\/script>\r\n<script>\r\ndocument.addEventListener('DOMContentLoaded', () => {\r\n    \/\/ 1. Setup Dates\r\n    const today = new Date();\r\n    \r\n    const tomorrow = new Date(today);\r\n    tomorrow.setDate(tomorrow.getDate() + 1);\r\n\r\n    const dayAfterTomorrow = new Date(tomorrow);\r\n    dayAfterTomorrow.setDate(dayAfterTomorrow.getDate() + 1);\r\n\r\n    \/\/ 2. Initialize Calendars\r\n    const checkOutPicker = flatpickr(\"#checkout-picker\", {\r\n        dateFormat: \"d M Y\",\r\n        minDate: dayAfterTomorrow,\r\n        defaultDate: dayAfterTomorrow\r\n    });\r\n\r\n    const checkInPicker = flatpickr(\"#checkin-picker\", {\r\n        dateFormat: \"d M Y\",\r\n        minDate: \"today\",\r\n        defaultDate: tomorrow,\r\n        onChange: function(selectedDates, dateStr, instance) {\r\n            if (selectedDates.length > 0) {\r\n                \/\/ Ensure checkout is always at least 1 day after checkin\r\n                const newMinOut = new Date(selectedDates[0]);\r\n                newMinOut.setDate(newMinOut.getDate() + 1);\r\n                checkOutPicker.set('minDate', newMinOut);\r\n                \r\n                \/\/ If current checkout is before the new minimum, push it forward\r\n                if (checkOutPicker.selectedDates[0] < newMinOut) {\r\n                    checkOutPicker.setDate(newMinOut);\r\n                }\r\n            }\r\n        }\r\n    });\r\n\r\n    \/\/ 3. Guest Counter Logic\r\n    const minusBtn = document.querySelector('.ctrl-btn.minus');\r\n    const plusBtn = document.querySelector('.ctrl-btn.plus');\r\n    const displaySpan = document.getElementById('guest-count-display');\r\n\r\n    let currentGuests = 2; \/\/ Default starting guests\r\n    const minGuests = 1;\r\n    const maxGuests = 9;\r\n\r\n    const updateGuestCount = () => {\r\n        if (currentGuests === 1) {\r\n            displaySpan.textContent = \"1 Guest\";\r\n        } else {\r\n            displaySpan.textContent = `${currentGuests} Guests`;\r\n        }\r\n    };\r\n\r\n    minusBtn.addEventListener('click', () => {\r\n        if (currentGuests > minGuests) {\r\n            currentGuests--;\r\n            updateGuestCount();\r\n        }\r\n    });\r\n\r\n    plusBtn.addEventListener('click', () => {\r\n        if (currentGuests < maxGuests) {\r\n            currentGuests++;\r\n            updateGuestCount();\r\n        }\r\n    });\r\n\r\n    \/\/ 4. URL Generation & Form Submission Override\r\n    const form = document.getElementById('booking-form');\r\n    \r\n    form.addEventListener('submit', (e) => {\r\n        e.preventDefault(); \/\/ Stop standard submission\r\n\r\n        \/\/ Grab the raw Date objects from Flatpickr\r\n        const checkinDate = checkInPicker.selectedDates[0];\r\n        const checkoutDate = checkOutPicker.selectedDates[0];\r\n\r\n        \/\/ Format check-in as YYYY-MM-DD using Flatpickr's built-in utility\r\n        const formattedCheckin = flatpickr.formatDate(checkinDate, \"Y-m-d\");\r\n\r\n        \/\/ Calculate total nights\r\n        const diffTime = Math.abs(checkoutDate - checkinDate);\r\n        const nights = Math.ceil(diffTime \/ (1000 * 60 * 60 * 24));\r\n\r\n        \/\/ Define remaining variables\r\n        const rooms = 1; \/\/ Assuming default 1 room\r\n        const adults = currentGuests;\r\n\r\n        \/\/ Construct the final URL\r\n        const targetUrl = `https:\/\/chrispybeachresort.reserve-online.net\/?property=CHRISPY&checkin=${formattedCheckin}&rooms=${rooms}&nights=${nights}&adults=${adults}`;\r\n\r\n        \/\/ Open in a new tab\r\n        window.open(targetUrl, '_blank');\r\n    });\r\n});\r\n<\/script>\t\t\t\t<\/div>\n\t\t\t\t\t<\/div>\n\t\t\t\t<\/div>\n\t\t\t\t<\/div>\n\t\t\t\t<\/div>\n\t\t\t\t\t\t<\/div>\n\t\t\t\t<\/div>\n\t\t\t\t<\/div>\n\t\t<div class=\"elementor-element elementor-element-071bf18 e-flex e-con-boxed e-con e-child\" data-id=\"071bf18\" data-element_type=\"container\" data-e-type=\"container\" data-settings=\"{&quot;background_background&quot;:&quot;classic&quot;}\">\n\t\t\t\t\t<div class=\"e-con-inner\">\n\t\t\t\t<div class=\"elementor-element elementor-element-c69bea5 elementor-widget elementor-widget-heading\" data-id=\"c69bea5\" data-element_type=\"widget\" data-e-type=\"widget\" data-widget_type=\"heading.default\">\n\t\t\t\t\t<h2 class=\"elementor-heading-title elementor-size-default\">Zuletzt aktualisiert: Mai 08, 2025<\/h2>\t\t\t\t<\/div>\n\t\t\t\t<div class=\"elementor-element elementor-element-e683e4d elementor-widget elementor-widget-heading\" data-id=\"e683e4d\" data-element_type=\"widget\" data-e-type=\"widget\" data-widget_type=\"heading.default\">\n\t\t\t\t\t<h1 class=\"elementor-heading-title elementor-size-default\">Datenschutzbestimmungen\n\n<\/h1>\t\t\t\t<\/div>\n\t\t\t\t<div class=\"elementor-element elementor-element-53561dc elementor-widget elementor-widget-text-editor\" data-id=\"53561dc\" data-element_type=\"widget\" data-e-type=\"widget\" data-widget_type=\"text-editor.default\">\n\t\t\t\t\t\t\t\t\t<h2>Wer wir sind<\/h2><p>Unsere Website-Adresse lautet: <a href=\"https:\/\/chrispybeach.gr\/de\/\">https:\/\/chrispybeach.gr\/<\/a><\/p><h2>Welche pers\u00f6nlichen Daten wir sammeln und warum wir sie sammeln<\/h2><h3>Kommentare<\/h3><p>Wenn Besucher Kommentare auf der Website hinterlassen, sammeln wir die Daten, die im Kommentarformular angezeigt werden, sowie die IP-Adresse des Besuchers und den User-Agent-String des Browsers, um Spam zu erkennen.<\/p><p>Eine anonymisierte Zeichenkette, die aus Ihrer E-Mail-Adresse erstellt wird (auch Hash genannt), kann dem Gravatar-Dienst zur Verf\u00fcgung gestellt werden, um zu \u00fcberpr\u00fcfen, ob Sie ihn verwenden. Die Datenschutzrichtlinien des Gravatar-Dienstes finden Sie hier: <a href=\"https:\/\/automattic.com\/privacy\/\" target=\"_blank\" rel=\"noopener\">https:\/\/automattic.com\/privacy\/.<\/a> Nach der Genehmigung Ihres Kommentars ist Ihr Profilbild im Zusammenhang mit Ihrem Kommentar \u00f6ffentlich sichtbar.  <\/p><h3>Medien<\/h3><p>Wenn Sie Bilder auf die Website hochladen, vermeiden Sie das Hochladen von Bildern mit eingebetteten Standortdaten (EXIF-GPS). Besucher der Website k\u00f6nnen alle Standortdaten von Bildern auf der Website herunterladen und extrahieren. <\/p><h3>Cookies<\/h3><p>Wenn Sie einen Kommentar auf unserer Website hinterlassen, k\u00f6nnen Sie sich damit einverstanden erkl\u00e4ren, dass Ihr Name, Ihre E-Mail-Adresse und Ihre Website in Cookies gespeichert werden. Dies dient Ihrer Bequemlichkeit, so dass Sie Ihre Daten nicht erneut eingeben m\u00fcssen, wenn Sie einen weiteren Kommentar hinterlassen. Diese Cookies sind ein Jahr lang g\u00fcltig.  <\/p><p>Wenn Sie unsere Anmeldeseite besuchen, setzen wir ein tempor\u00e4res Cookie, um festzustellen, ob Ihr Browser Cookies zul\u00e4sst. Dieses Cookie enth\u00e4lt keine pers\u00f6nlichen Daten und wird verworfen, wenn Sie Ihren Browser schlie\u00dfen. <\/p><p>Wenn Sie sich anmelden, legen wir au\u00dferdem mehrere Cookies an, um Ihre Anmeldeinformationen und Anzeigeeinstellungen zu speichern. Die Anmelde-Cookies bleiben zwei Tage lang erhalten, die Cookies f\u00fcr die Bildschirmoptionen ein Jahr lang. Wenn Sie &#8222;Merken&#8220; w\u00e4hlen, bleibt Ihre Anmeldung zwei Wochen lang erhalten. Wenn Sie sich abmelden, werden die Anmelde-Cookies entfernt.   <\/p><p>Wenn Sie einen Artikel bearbeiten oder ver\u00f6ffentlichen, wird ein zus\u00e4tzliches Cookie in Ihrem Browser gespeichert. Dieses Cookie enth\u00e4lt keine pers\u00f6nlichen Daten und zeigt lediglich die Post-ID des von Ihnen bearbeiteten Artikels an. Er verf\u00e4llt nach einem Tag.  <\/p><h3>Eingebettete Inhalte von anderen Websites<\/h3><p>Artikel auf dieser Website k\u00f6nnen eingebettete Inhalte enthalten (z. B. Videos, Bilder, Artikel usw.). Eingebettete Inhalte von anderen Websites verhalten sich genau so, als ob der Besucher die andere Website besucht h\u00e4tte. <\/p><p>Diese Websites k\u00f6nnen Daten \u00fcber Sie sammeln, Cookies verwenden, zus\u00e4tzliche Trackingfunktionen von Dritten einbetten und Ihre Interaktion mit diesen eingebetteten Inhalten \u00fcberwachen &#8211; einschlie\u00dflich der Verfolgung Ihrer Interaktion, wenn Sie ein Konto haben und auf dieser Website angemeldet sind.<\/p><h2>Mit wem wir Ihre Daten teilen<\/h2><p>Wenn Sie eine Passwortr\u00fccksetzung anfordern, wird Ihre IP-Adresse in der R\u00fccksetzungs-E-Mail enthalten sein.<\/p><h2>Wie lange wir Ihre Daten aufbewahren<\/h2><p>Wenn Sie einen Kommentar hinterlassen, werden der Kommentar und seine Metadaten auf unbestimmte Zeit gespeichert. So k\u00f6nnen wir Folgekommentare automatisch erkennen und genehmigen, anstatt sie zur Moderation zur\u00fcckzuhalten. <\/p><p>F\u00fcr Benutzer, die sich auf unserer Website registrieren (falls vorhanden), speichern wir auch die pers\u00f6nlichen Daten, die sie in ihrem Benutzerprofil angeben. Alle Benutzer k\u00f6nnen ihre pers\u00f6nlichen Daten jederzeit einsehen, bearbeiten oder l\u00f6schen (au\u00dfer ihrem Benutzernamen). Website-Administratoren k\u00f6nnen diese Informationen ebenfalls einsehen und bearbeiten.  <\/p><h2>Welche Rechte Sie \u00fcber Ihre Daten haben<\/h2><p>Wenn Sie ein Konto auf dieser Website haben oder Kommentare hinterlassen haben, k\u00f6nnen Sie eine exportierte Datei der personenbezogenen Daten anfordern, die wir \u00fcber Sie gespeichert haben, einschlie\u00dflich der Daten, die Sie uns zur Verf\u00fcgung gestellt haben. Sie k\u00f6nnen auch verlangen, dass wir alle personenbezogenen Daten l\u00f6schen, die wir \u00fcber Sie gespeichert haben, mit Ausnahme der Daten, die wir aus administrativen, rechtlichen oder Sicherheitsgr\u00fcnden aufbewahren m\u00fcssen. <\/p><h2>Wohin wir Ihre Daten senden<\/h2><p>Besucherkommentare k\u00f6nnen durch einen automatischen Spam-Erkennungsdienst \u00fcberpr\u00fcft werden.<\/p>\t\t\t\t\t\t\t\t<\/div>\n\t\t\t\t\t<\/div>\n\t\t\t\t<\/div>\n\t\t\t\t<\/div>\n\t\t","protected":false},"excerpt":{"rendered":"<p>Zuletzt aktualisiert: Mai 08, 2025 Datenschutzbestimmungen Wer wir sind Unsere Website-Adresse lautet: https:\/\/chrispybeach.gr\/ Welche pers\u00f6nlichen Daten wir sammeln und warum wir sie sammeln Kommentare Wenn Besucher Kommentare auf der Website hinterlassen, sammeln wir die Daten, die im Kommentarformular angezeigt werden, sowie die IP-Adresse des Besuchers und den User-Agent-String des Browsers, um Spam zu erkennen. Eine [&hellip;]<\/p>\n","protected":false},"author":1,"featured_media":1857,"parent":0,"menu_order":0,"comment_status":"closed","ping_status":"closed","template":"","meta":{"_acf_changed":false,"footnotes":""},"class_list":["post-1989","page","type-page","status-publish","has-post-thumbnail","hentry"],"acf":[],"yoast_head":"<!-- This site is optimized with the Yoast SEO plugin v27.2 - https:\/\/yoast.com\/product\/yoast-seo-wordpress\/ -->\n<title>Datenschutzbestimmungen &#8226; Chrispy Beach Resort<\/title>\n<meta name=\"description\" content=\"Lesen Sie unsere Datenschutzbestimmungen, um zu erfahren, wie wir Ihre pers\u00f6nlichen Daten im Chrispy Beach Resort sammeln, verwenden und sch\u00fctzen.\" \/>\n<meta name=\"robots\" content=\"index, follow, max-snippet:-1, max-image-preview:large, max-video-preview:-1\" \/>\n<link rel=\"canonical\" href=\"https:\/\/chrispybeach.gr\/de\/datenschutzbestimmungen\/\" \/>\n<meta property=\"og:locale\" content=\"de_DE\" \/>\n<meta property=\"og:type\" content=\"article\" \/>\n<meta property=\"og:title\" content=\"Datenschutzbestimmungen &#8226; Chrispy Beach Resort\" \/>\n<meta property=\"og:description\" content=\"Lesen Sie unsere Datenschutzbestimmungen, um zu erfahren, wie wir Ihre pers\u00f6nlichen Daten im Chrispy Beach Resort sammeln, verwenden und sch\u00fctzen.\" \/>\n<meta property=\"og:url\" content=\"https:\/\/chrispybeach.gr\/de\/datenschutzbestimmungen\/\" \/>\n<meta property=\"og:site_name\" content=\"Chrispy Beach Resort\" \/>\n<meta property=\"article:publisher\" content=\"https:\/\/www.facebook.com\/chrispybeach\" \/>\n<meta property=\"article:modified_time\" content=\"2026-04-08T09:53:13+00:00\" \/>\n<meta property=\"og:image\" content=\"https:\/\/chrispybeach.gr\/wp-content\/uploads\/2026\/03\/Family-Apartment-53.webp\" \/>\n\t<meta property=\"og:image:width\" content=\"1920\" \/>\n\t<meta property=\"og:image:height\" content=\"1281\" \/>\n\t<meta property=\"og:image:type\" content=\"image\/webp\" \/>\n<meta name=\"twitter:card\" content=\"summary_large_image\" \/>\n<meta name=\"twitter:label1\" content=\"Gesch\u00e4tzte Lesezeit\" \/>\n\t<meta name=\"twitter:data1\" content=\"3\u00a0Minuten\" \/>\n<script type=\"application\/ld+json\" class=\"yoast-schema-graph\">{\"@context\":\"https:\/\/schema.org\",\"@graph\":[{\"@type\":\"WebPage\",\"@id\":\"https:\/\/chrispybeach.gr\/de\/datenschutzbestimmungen\/\",\"url\":\"https:\/\/chrispybeach.gr\/de\/datenschutzbestimmungen\/\",\"name\":\"Datenschutzbestimmungen &#8226; Chrispy Beach Resort\",\"isPartOf\":{\"@id\":\"https:\/\/chrispybeach.gr\/de\/#website\"},\"primaryImageOfPage\":{\"@id\":\"https:\/\/chrispybeach.gr\/de\/datenschutzbestimmungen\/#primaryimage\"},\"image\":{\"@id\":\"https:\/\/chrispybeach.gr\/de\/datenschutzbestimmungen\/#primaryimage\"},\"thumbnailUrl\":\"https:\/\/chrispybeach.gr\/wp-content\/uploads\/2026\/03\/Family-Apartment-53.webp\",\"datePublished\":\"2025-06-19T04:47:50+00:00\",\"dateModified\":\"2026-04-08T09:53:13+00:00\",\"description\":\"Lesen Sie unsere Datenschutzbestimmungen, um zu erfahren, wie wir Ihre pers\u00f6nlichen Daten im Chrispy Beach Resort sammeln, verwenden und sch\u00fctzen.\",\"breadcrumb\":{\"@id\":\"https:\/\/chrispybeach.gr\/de\/datenschutzbestimmungen\/#breadcrumb\"},\"inLanguage\":\"de\",\"potentialAction\":[{\"@type\":\"ReadAction\",\"target\":[\"https:\/\/chrispybeach.gr\/de\/datenschutzbestimmungen\/\"]}]},{\"@type\":\"ImageObject\",\"inLanguage\":\"de\",\"@id\":\"https:\/\/chrispybeach.gr\/de\/datenschutzbestimmungen\/#primaryimage\",\"url\":\"https:\/\/chrispybeach.gr\/wp-content\/uploads\/2026\/03\/Family-Apartment-53.webp\",\"contentUrl\":\"https:\/\/chrispybeach.gr\/wp-content\/uploads\/2026\/03\/Family-Apartment-53.webp\",\"width\":1920,\"height\":1281,\"caption\":\"Datenschutzrichtlinie Chrispy Beach Resort\"},{\"@type\":\"BreadcrumbList\",\"@id\":\"https:\/\/chrispybeach.gr\/de\/datenschutzbestimmungen\/#breadcrumb\",\"itemListElement\":[{\"@type\":\"ListItem\",\"position\":1,\"name\":\"Home\",\"item\":\"https:\/\/chrispybeach.gr\/de\/startseite\/\"},{\"@type\":\"ListItem\",\"position\":2,\"name\":\"Datenschutzbestimmungen\"}]},{\"@type\":\"WebSite\",\"@id\":\"https:\/\/chrispybeach.gr\/de\/#website\",\"url\":\"https:\/\/chrispybeach.gr\/de\/\",\"name\":\"Chrispy Beach Resort\",\"description\":\"Beachfront Hotel in Agia Marina, Chania\",\"publisher\":{\"@id\":\"https:\/\/chrispybeach.gr\/de\/#organization\"},\"potentialAction\":[{\"@type\":\"SearchAction\",\"target\":{\"@type\":\"EntryPoint\",\"urlTemplate\":\"https:\/\/chrispybeach.gr\/de\/?s={search_term_string}\"},\"query-input\":{\"@type\":\"PropertyValueSpecification\",\"valueRequired\":true,\"valueName\":\"search_term_string\"}}],\"inLanguage\":\"de\"},{\"@type\":\"Organization\",\"@id\":\"https:\/\/chrispybeach.gr\/de\/#organization\",\"name\":\"Chrispy Beach Resort\",\"url\":\"https:\/\/chrispybeach.gr\/de\/\",\"logo\":{\"@type\":\"ImageObject\",\"inLanguage\":\"de\",\"@id\":\"https:\/\/chrispybeach.gr\/de\/#\/schema\/logo\/image\/\",\"url\":\"https:\/\/chrispybeach.gr\/wp-content\/uploads\/2026\/03\/chrispy-beach-logo-2.png\",\"contentUrl\":\"https:\/\/chrispybeach.gr\/wp-content\/uploads\/2026\/03\/chrispy-beach-logo-2.png\",\"width\":1662,\"height\":1779,\"caption\":\"Chrispy Beach Resort\"},\"image\":{\"@id\":\"https:\/\/chrispybeach.gr\/de\/#\/schema\/logo\/image\/\"},\"sameAs\":[\"https:\/\/www.facebook.com\/chrispybeach\",\"https:\/\/www.instagram.com\/chrispybeach\/\",\"https:\/\/www.tiktok.com\/@chrispybeach\"]}]}<\/script>\n<!-- \/ Yoast SEO plugin. -->","yoast_head_json":{"title":"Datenschutzbestimmungen &#8226; Chrispy Beach Resort","description":"Lesen Sie unsere Datenschutzbestimmungen, um zu erfahren, wie wir Ihre pers\u00f6nlichen Daten im Chrispy Beach Resort sammeln, verwenden und sch\u00fctzen.","robots":{"index":"index","follow":"follow","max-snippet":"max-snippet:-1","max-image-preview":"max-image-preview:large","max-video-preview":"max-video-preview:-1"},"canonical":"https:\/\/chrispybeach.gr\/de\/datenschutzbestimmungen\/","og_locale":"de_DE","og_type":"article","og_title":"Datenschutzbestimmungen &#8226; Chrispy Beach Resort","og_description":"Lesen Sie unsere Datenschutzbestimmungen, um zu erfahren, wie wir Ihre pers\u00f6nlichen Daten im Chrispy Beach Resort sammeln, verwenden und sch\u00fctzen.","og_url":"https:\/\/chrispybeach.gr\/de\/datenschutzbestimmungen\/","og_site_name":"Chrispy Beach Resort","article_publisher":"https:\/\/www.facebook.com\/chrispybeach","article_modified_time":"2026-04-08T09:53:13+00:00","og_image":[{"width":1920,"height":1281,"url":"https:\/\/chrispybeach.gr\/wp-content\/uploads\/2026\/03\/Family-Apartment-53.webp","type":"image\/webp"}],"twitter_card":"summary_large_image","twitter_misc":{"Gesch\u00e4tzte Lesezeit":"3\u00a0Minuten"},"schema":{"@context":"https:\/\/schema.org","@graph":[{"@type":"WebPage","@id":"https:\/\/chrispybeach.gr\/de\/datenschutzbestimmungen\/","url":"https:\/\/chrispybeach.gr\/de\/datenschutzbestimmungen\/","name":"Datenschutzbestimmungen &#8226; Chrispy Beach Resort","isPartOf":{"@id":"https:\/\/chrispybeach.gr\/de\/#website"},"primaryImageOfPage":{"@id":"https:\/\/chrispybeach.gr\/de\/datenschutzbestimmungen\/#primaryimage"},"image":{"@id":"https:\/\/chrispybeach.gr\/de\/datenschutzbestimmungen\/#primaryimage"},"thumbnailUrl":"https:\/\/chrispybeach.gr\/wp-content\/uploads\/2026\/03\/Family-Apartment-53.webp","datePublished":"2025-06-19T04:47:50+00:00","dateModified":"2026-04-08T09:53:13+00:00","description":"Lesen Sie unsere Datenschutzbestimmungen, um zu erfahren, wie wir Ihre pers\u00f6nlichen Daten im Chrispy Beach Resort sammeln, verwenden und sch\u00fctzen.","breadcrumb":{"@id":"https:\/\/chrispybeach.gr\/de\/datenschutzbestimmungen\/#breadcrumb"},"inLanguage":"de","potentialAction":[{"@type":"ReadAction","target":["https:\/\/chrispybeach.gr\/de\/datenschutzbestimmungen\/"]}]},{"@type":"ImageObject","inLanguage":"de","@id":"https:\/\/chrispybeach.gr\/de\/datenschutzbestimmungen\/#primaryimage","url":"https:\/\/chrispybeach.gr\/wp-content\/uploads\/2026\/03\/Family-Apartment-53.webp","contentUrl":"https:\/\/chrispybeach.gr\/wp-content\/uploads\/2026\/03\/Family-Apartment-53.webp","width":1920,"height":1281,"caption":"Datenschutzrichtlinie Chrispy Beach Resort"},{"@type":"BreadcrumbList","@id":"https:\/\/chrispybeach.gr\/de\/datenschutzbestimmungen\/#breadcrumb","itemListElement":[{"@type":"ListItem","position":1,"name":"Home","item":"https:\/\/chrispybeach.gr\/de\/startseite\/"},{"@type":"ListItem","position":2,"name":"Datenschutzbestimmungen"}]},{"@type":"WebSite","@id":"https:\/\/chrispybeach.gr\/de\/#website","url":"https:\/\/chrispybeach.gr\/de\/","name":"Chrispy Beach Resort","description":"Beachfront Hotel in Agia Marina, Chania","publisher":{"@id":"https:\/\/chrispybeach.gr\/de\/#organization"},"potentialAction":[{"@type":"SearchAction","target":{"@type":"EntryPoint","urlTemplate":"https:\/\/chrispybeach.gr\/de\/?s={search_term_string}"},"query-input":{"@type":"PropertyValueSpecification","valueRequired":true,"valueName":"search_term_string"}}],"inLanguage":"de"},{"@type":"Organization","@id":"https:\/\/chrispybeach.gr\/de\/#organization","name":"Chrispy Beach Resort","url":"https:\/\/chrispybeach.gr\/de\/","logo":{"@type":"ImageObject","inLanguage":"de","@id":"https:\/\/chrispybeach.gr\/de\/#\/schema\/logo\/image\/","url":"https:\/\/chrispybeach.gr\/wp-content\/uploads\/2026\/03\/chrispy-beach-logo-2.png","contentUrl":"https:\/\/chrispybeach.gr\/wp-content\/uploads\/2026\/03\/chrispy-beach-logo-2.png","width":1662,"height":1779,"caption":"Chrispy Beach Resort"},"image":{"@id":"https:\/\/chrispybeach.gr\/de\/#\/schema\/logo\/image\/"},"sameAs":["https:\/\/www.facebook.com\/chrispybeach","https:\/\/www.instagram.com\/chrispybeach\/","https:\/\/www.tiktok.com\/@chrispybeach"]}]}},"_links":{"self":[{"href":"https:\/\/chrispybeach.gr\/de\/wp-json\/wp\/v2\/pages\/1989","targetHints":{"allow":["GET"]}}],"collection":[{"href":"https:\/\/chrispybeach.gr\/de\/wp-json\/wp\/v2\/pages"}],"about":[{"href":"https:\/\/chrispybeach.gr\/de\/wp-json\/wp\/v2\/types\/page"}],"author":[{"embeddable":true,"href":"https:\/\/chrispybeach.gr\/de\/wp-json\/wp\/v2\/users\/1"}],"replies":[{"embeddable":true,"href":"https:\/\/chrispybeach.gr\/de\/wp-json\/wp\/v2\/comments?post=1989"}],"version-history":[{"count":0,"href":"https:\/\/chrispybeach.gr\/de\/wp-json\/wp\/v2\/pages\/1989\/revisions"}],"wp:featuredmedia":[{"embeddable":true,"href":"https:\/\/chrispybeach.gr\/de\/wp-json\/wp\/v2\/media\/1857"}],"wp:attachment":[{"href":"https:\/\/chrispybeach.gr\/de\/wp-json\/wp\/v2\/media?parent=1989"}],"curies":[{"name":"wp","href":"https:\/\/api.w.org\/{rel}","templated":true}]}}